{"id":830,"date":"2022-01-05T11:59:27","date_gmt":"2022-01-05T11:59:27","guid":{"rendered":"https:\/\/mpsbot.com\/8262371\/?page_id=830"},"modified":"2022-01-05T12:08:31","modified_gmt":"2022-01-05T12:08:31","slug":"junta-directiva-2","status":"publish","type":"page","link":"https:\/\/mpsbot.com\/8262371\/inicio-foro\/junta-directiva-2\/","title":{"rendered":"Junta Directiva"},"content":{"rendered":"\n<p><\/p>\n\n\n\n<p><strong>Presidente<\/strong><\/p>\n\n\n\n<p>D. Juan Jos\u00e9 San Mart\u00edn Soc\u00edas<\/p>\n\n\n\n<p><strong>Vicepresidente<\/strong><\/p>\n\n\n\n<p>D. Marinus Galesloot<\/p>\n\n\n\n<p><strong>Secretario<\/strong><\/p>\n\n\n\n<p>D. Andr\u00e9s Berlinches<\/p>\n\n\n\n<p><strong>Tesorero<\/strong><\/p>\n\n\n\n<p>D.  Jos\u00e9 Miguel L\u00f3pez de Melgar<\/p>\n\n\n\n<p><\/p>\n\n\n\n<p><strong>Vocales<\/strong><\/p>\n\n\n\n<p>D. Manuel Pi\u00f1ero Serna<\/p>\n\n\n\n<p>D. Claudio Garcia Jim\u00e9nez<\/p>\n\n\n\n<p>D. Esteban Lizan Rodelles<\/p>\n\n\n\n<p>D. Jaime \u00a0de Chavarri Fern\u00e1ndez Matamoros<\/p>\n\n\n\n<p><strong>Consejeros<\/strong><\/p>\n\n\n\n<p>D. Juan Carlos Garc\u00eda Valdecantos<\/p>\n\n\n\n<p>D. Jos\u00e9 Lucinio Fern\u00e1ndez L\u00f3pez<\/p>\n\n\n\n<p>D. Alfonso Garc\u00eda de Paad\u00edn y Ahumada<\/p>\n\n\n\n<p>D. Jos\u00e9 Antonio D\u00edaz Valcarcel<\/p>\n\n\n\n<p>D. Jos\u00e9 Ignacio Mart\u00ednez Manrique<\/p>\n\n\n\n<p>D. Francisco Ans\u00f3n Oliart<\/p>\n\n\n\n<p>D. Antonio Rinc\u00f3n Mayoral<\/p>\n\n\n\n<p>D. Juan Ignacio Fuster Fabra Toapanta<\/p>\n\n\n\n<p>D. Jos\u00e9 Carlos Velasco S\u00e1nchez<\/p>\n","protected":false},"excerpt":{"rendered":"<p>Presidente D. Juan Jos\u00e9 San Mart\u00edn Soc\u00edas Vicepresidente D. Marinus Galesloot Secretario D. Andr\u00e9s Berlinches Tesorero D. Jos\u00e9 Miguel L\u00f3pez de Melgar Vocales D. Manuel Pi\u00f1ero Serna D. Claudio Garcia Jim\u00e9nez D. Esteban Lizan Rodelles D. Jaime \u00a0de Chavarri Fern\u00e1ndez Matamoros Consejeros D. Juan Carlos Garc\u00eda Valdecantos D. Jos\u00e9 Lucinio Fern\u00e1ndez L\u00f3pez D. Alfonso Garc\u00eda [&hellip;]<\/p>\n","protected":false},"author":1,"featured_media":0,"parent":53,"menu_order":0,"comment_status":"closed","ping_status":"closed","template":"","meta":{"ocean_post_layout":"","ocean_both_sidebars_style":"","ocean_both_sidebars_content_width":0,"ocean_both_sidebars_sidebars_width":0,"ocean_sidebar":"","ocean_second_sidebar":"","ocean_disable_margins":"enable","ocean_add_body_class":"","ocean_shortcode_before_top_bar":"","ocean_shortcode_after_top_bar":"","ocean_shortcode_before_header":"","ocean_shortcode_after_header":"","ocean_has_shortcode":"","ocean_shortcode_after_title":"","ocean_shortcode_before_footer_widgets":"","ocean_shortcode_after_footer_widgets":"","ocean_shortcode_before_footer_bottom":"","ocean_shortcode_after_footer_bottom":"","ocean_display_top_bar":"default","ocean_display_header":"default","ocean_header_style":"","ocean_center_header_left_menu":"","ocean_custom_header_template":"","ocean_custom_logo":0,"ocean_custom_retina_logo":0,"ocean_custom_logo_max_width":0,"ocean_custom_logo_tablet_max_width":0,"ocean_custom_logo_mobile_max_width":0,"ocean_custom_logo_max_height":0,"ocean_custom_logo_tablet_max_height":0,"ocean_custom_logo_mobile_max_height":0,"ocean_header_custom_menu":"","ocean_menu_typo_font_family":"","ocean_menu_typo_font_subset":"","ocean_menu_typo_font_size":0,"ocean_menu_typo_font_size_tablet":0,"ocean_menu_typo_font_size_mobile":0,"ocean_menu_typo_font_size_unit":"px","ocean_menu_typo_font_weight":"","ocean_menu_typo_font_weight_tablet":"","ocean_menu_typo_font_weight_mobile":"","ocean_menu_typo_transform":"","ocean_menu_typo_transform_tablet":"","ocean_menu_typo_transform_mobile":"","ocean_menu_typo_line_height":0,"ocean_menu_typo_line_height_tablet":0,"ocean_menu_typo_line_height_mobile":0,"ocean_menu_typo_line_height_unit":"","ocean_menu_typo_spacing":0,"ocean_menu_typo_spacing_tablet":0,"ocean_menu_typo_spacing_mobile":0,"ocean_menu_typo_spacing_unit":"","ocean_menu_link_color":"","ocean_menu_link_color_hover":"","ocean_menu_link_color_active":"","ocean_menu_link_background":"","ocean_menu_link_hover_background":"","ocean_menu_link_active_background":"","ocean_menu_social_links_bg":"","ocean_menu_social_hover_links_bg":"","ocean_menu_social_links_color":"","ocean_menu_social_hover_links_color":"","ocean_disable_title":"default","ocean_disable_heading":"default","ocean_post_title":"","ocean_post_subheading":"","ocean_post_title_style":"","ocean_post_title_background_color":"","ocean_post_title_background":0,"ocean_post_title_bg_image_position":"","ocean_post_title_bg_image_attachment":"","ocean_post_title_bg_image_repeat":"","ocean_post_title_bg_image_size":"","ocean_post_title_height":0,"ocean_post_title_bg_overlay":0.5,"ocean_post_title_bg_overlay_color":"","ocean_disable_breadcrumbs":"default","ocean_breadcrumbs_color":"","ocean_breadcrumbs_separator_color":"","ocean_breadcrumbs_links_color":"","ocean_breadcrumbs_links_hover_color":"","ocean_display_footer_widgets":"default","ocean_display_footer_bottom":"default","ocean_custom_footer_template":"","footnotes":""},"class_list":["post-830","page","type-page","status-publish","hentry","entry"],"_links":{"self":[{"href":"https:\/\/mpsbot.com\/8262371\/wp-json\/wp\/v2\/pages\/830","targetHints":{"allow":["GET"]}}],"collection":[{"href":"https:\/\/mpsbot.com\/8262371\/wp-json\/wp\/v2\/pages"}],"about":[{"href":"https:\/\/mpsbot.com\/8262371\/wp-json\/wp\/v2\/types\/page"}],"author":[{"embeddable":true,"href":"https:\/\/mpsbot.com\/8262371\/wp-json\/wp\/v2\/users\/1"}],"replies":[{"embeddable":true,"href":"https:\/\/mpsbot.com\/8262371\/wp-json\/wp\/v2\/comments?post=830"}],"version-history":[{"count":2,"href":"https:\/\/mpsbot.com\/8262371\/wp-json\/wp\/v2\/pages\/830\/revisions"}],"predecessor-version":[{"id":833,"href":"https:\/\/mpsbot.com\/8262371\/wp-json\/wp\/v2\/pages\/830\/revisions\/833"}],"up":[{"embeddable":true,"href":"https:\/\/mpsbot.com\/8262371\/wp-json\/wp\/v2\/pages\/53"}],"wp:attachment":[{"href":"https:\/\/mpsbot.com\/8262371\/wp-json\/wp\/v2\/media?parent=830"}],"curies":[{"name":"wp","href":"https:\/\/api.w.org\/{rel}","templated":true}]}}