{"id":827,"date":"2022-01-05T11:56:10","date_gmt":"2022-01-05T11:56:10","guid":{"rendered":"https:\/\/mpsbot.com\/8262371\/?page_id=827"},"modified":"2022-01-05T11:57:04","modified_gmt":"2022-01-05T11:57:04","slug":"invitados-de-honor","status":"publish","type":"page","link":"https:\/\/mpsbot.com\/8262371\/inicio-foro\/invitados-de-honor\/","title":{"rendered":"Invitados de Honor"},"content":{"rendered":"\n<p><\/p>\n\n\n\n<p><a href=\"http:\/\/www.forodemadrid.com\/blog\/2002\/09\/16\/\">Manuel Funes Robert<\/a>&nbsp; Economista y Abogado<\/p>\n\n\n\n<p><a href=\"http:\/\/www.forodemadrid.com\/blog\/2002\/10\/21\/\">Fernando L\u00f3pez de Olmedo<\/a>&nbsp; ex-Comandante General de Ceuta<\/p>\n\n\n\n<p><a href=\"http:\/\/www.forodemadrid.com\/blog\/2002\/11\/18\/traslado-del-museo-del-ejercito-al-alcazar-de-toledo\/\">Juan Mar\u00eda de Pe\u00f1aranda y Algar<\/a>&nbsp; Director de Historia y Cultura Militar<\/p>\n\n\n\n<p><a href=\"http:\/\/forodemadrid.com\/blog\/2002\/11\/28\/la-evolucion-urbana-de-madrid-desde-el-siglo-ix-hasta-1656\u201d\/\">Manuel Montero Vallejo.<\/a>&nbsp; Miembro Numerario del Instituto de Estudios Madrile\u00f1os<\/p>\n\n\n\n<p><a href=\"http:\/\/forodemadrid.com\/blog\/2003\/01\/19\/%E2%80%9Chistoria-de-madrid-en-base-a-su-cartografia%E2%80%9D\/\">Alfonso Morea Palaz\u00f3n<\/a>&nbsp; Jefe de Cartogaf\u00eda del Ayuntmiento de Madrid<\/p>\n\n\n\n<p><a href=\"http:\/\/forodemadrid.com\/blog\/2003\/02\/17\/%E2%80%9Cexpectativas-sobre-madrid-de-acuerdo-al-resultado-electoral-de-las-proximas-elecciones%E2%80%9D\/\">I\u00f1aki Gabilondo<\/a>&nbsp; Periodista<\/p>\n\n\n\n<p><a href=\"http:\/\/forodemadrid.com\/blog\/2003\/03\/28\/los-trasvases-hidricos-en-espana\">Antonio Lamela<\/a>&nbsp; Arquitecto<\/p>\n\n\n\n<p><a href=\"http:\/\/forodemadrid.com\/blog\/2003\/04\/28\/%E2%80%9Cel-presente-como-interpretacion-del-pasado-referido-a-la-economia-espanola%E2%80%9D\/\">Jaime Requeijo Gonz\u00e1lez<\/a>&nbsp; Catedr\u00e1tico de Econom\u00eda y Consejero del Banco de Espa\u00f1a<\/p>\n\n\n\n<p><a href=\"http:\/\/forodemadrid.com\/blog\/2003\/05\/19\/espana-dentro-de-la-union-europea-y-la-relacion-entre-magreb-y-el-sur-de-europa\/\">Carlos Robles Piquer<\/a>&nbsp; Presidente del Instituto C\u00e1novas del Castillo, (FAES)<\/p>\n\n\n\n<p><a href=\"http:\/\/forodemadrid.com\/blog\/2003\/06\/17\/irak\/\">Jos\u00e9 Luis Fern\u00e1ndez Flores y de Funes<\/a>&nbsp; General Togado y Catedr\u00e1tico de Derecho<\/p>\n\n\n\n<p><a href=\"http:\/\/forodemadrid.com\/blog\/2003\/10\/19\/%E2%80%9Cla-educacion-la-vivienda-y-la-seguridad-en-madrid%E2%80%9D\/\">Mercedes De la Merced Monge<\/a> &nbsp; ex-Primer Teniente Alcalde del Ayuntamiento de Madrid<\/p>\n\n\n\n<p><a href=\"http:\/\/forodemadrid.com\/blog\/2003\/11\/17\/%E2%80%9Cel-madrid-que-sone-e-ifema%E2%80%9D\/\">Jos\u00e9 Mar\u00eda Alvarez del Manzano<\/a>&nbsp; Presidente de IFEMA. ex-Alcalde de Madrid<\/p>\n\n\n\n<p><a href=\"http:\/\/forodemadrid.com\/blog\/2004\/02\/23\/el-ejercito-y-la-empresa\/\">Jos\u00e9 Faura Mart\u00edn<\/a>&nbsp; General de Ej\u00e9rcito<\/p>\n\n\n\n<p><a href=\"http:\/\/forodemadrid.com\/blog\/2004\/03\/29\/embajadores-iberoamericanos-socios-de-honor\/\">Embajadores Ibero-americanos<\/a><\/p>\n\n\n\n<p><a href=\"http:\/\/forodemadrid.com\/blog\/2004\/04\/27\/los-medios-de-comunicacion-en-espana\/\">Luis Mar\u00eda Ans\u00f3n<\/a>&nbsp; Periodista. Miembro de la Real Academia Espa\u00f1ola<\/p>\n\n\n\n<p><a href=\"http:\/\/forodemadrid.com\/blog\/2004\/05\/17\/espana-europa-un-trabajo-comun\/\">Enrique Baron<\/a>&nbsp;&nbsp; Presidente del Grupo Parlamentario Socialista en el Parlamento Europeo<\/p>\n\n\n\n<p><a href=\"http:\/\/forodemadrid.com\/blog\/2004\/06\/28\/la-once-como-experiencia-socio-empresarial-singular\/\">Rafael de Lorenzo<\/a>&nbsp; Secretario General de la ONCE. Miembro del Club de Roma<\/p>\n\n\n\n<p><a href=\"http:\/\/forodemadrid.com\/blog\/2004\/09\/20\/los-musulmames-actualidad-y-reto\/\">Riay Tatary Bakry<\/a>&nbsp; Presidente de la Uni\u00f3n de Comunidades Isl\u00e1micas de Espa\u00f1a<\/p>\n\n\n\n<p><a href=\"http:\/\/forodemadrid.com\/blog\/2004\/10\/25\/las-relaciones-entre-la-union-europea-y-mercosur\/\">Jos\u00e9 Mar\u00eda Araneo Gallart<\/a>&nbsp; Embajador de Uruguay en Espa\u00f1a<\/p>\n\n\n\n<p><a href=\"http:\/\/forodemadrid.com\/blog\/2004\/10\/25\/las-relaciones-entre-la-union-europea-y-mercosur\/\">Osmar Chohfi<\/a>&nbsp; Embajador de Brasil en Espa\u00f1a<\/p>\n\n\n\n<p><a href=\"http:\/\/forodemadrid.com\/blog\/2004\/11\/15\/visita-del-excmo-sr-d-alberto-ruiz-gallardon\/\">Alberto Ruiz-Gallard\u00f3n<\/a>&nbsp; Alcalde de Madrid<\/p>\n\n\n\n<p><a href=\"http:\/\/forodemadrid.com\/blog\/2004\/12\/13\/la-constitucion-europea\/\">Fernando de Salas L\u00f3pez<\/a>&nbsp; Rector de la Sociedad de Estudios Internacionales<\/p>\n\n\n\n<p><a href=\"http:\/\/forodemadrid.com\/blog\/2005\/01\/17\/la-defensa-del-menor\/\">Pedro N\u00fa\u00f1ez Morgades<\/a>&nbsp; Defensor del Menor de la Comunidad de Madrid<\/p>\n\n\n\n<p>PAGINA EN CONSTRUCCION<\/p>\n\n\n\n<p><\/p>\n","protected":false},"excerpt":{"rendered":"<p>Manuel Funes Robert&nbsp; Economista y Abogado Fernando L\u00f3pez de Olmedo&nbsp; ex-Comandante General de Ceuta Juan Mar\u00eda de Pe\u00f1aranda y Algar&nbsp; Director de Historia y Cultura Militar Manuel Montero Vallejo.&nbsp; Miembro Numerario del Instituto de Estudios Madrile\u00f1os Alfonso Morea Palaz\u00f3n&nbsp; Jefe de Cartogaf\u00eda del Ayuntmiento de Madrid I\u00f1aki Gabilondo&nbsp; Periodista Antonio Lamela&nbsp; Arquitecto Jaime Requeijo Gonz\u00e1lez&nbsp; [&hellip;]<\/p>\n","protected":false},"author":1,"featured_media":0,"parent":53,"menu_order":0,"comment_status":"closed","ping_status":"closed","template":"","meta":{"ocean_post_layout":"","ocean_both_sidebars_style":"","ocean_both_sidebars_content_width":0,"ocean_both_sidebars_sidebars_width":0,"ocean_sidebar":"","ocean_second_sidebar":"","ocean_disable_margins":"enable","ocean_add_body_class":"","ocean_shortcode_before_top_bar":"","ocean_shortcode_after_top_bar":"","ocean_shortcode_before_header":"","ocean_shortcode_after_header":"","ocean_has_shortcode":"","ocean_shortcode_after_title":"","ocean_shortcode_before_footer_widgets":"","ocean_shortcode_after_footer_widgets":"","ocean_shortcode_before_footer_bottom":"","ocean_shortcode_after_footer_bottom":"","ocean_display_top_bar":"default","ocean_display_header":"default","ocean_header_style":"","ocean_center_header_left_menu":"","ocean_custom_header_template":"","ocean_custom_logo":0,"ocean_custom_retina_logo":0,"ocean_custom_logo_max_width":0,"ocean_custom_logo_tablet_max_width":0,"ocean_custom_logo_mobile_max_width":0,"ocean_custom_logo_max_height":0,"ocean_custom_logo_tablet_max_height":0,"ocean_custom_logo_mobile_max_height":0,"ocean_header_custom_menu":"","ocean_menu_typo_font_family":"","ocean_menu_typo_font_subset":"","ocean_menu_typo_font_size":0,"ocean_menu_typo_font_size_tablet":0,"ocean_menu_typo_font_size_mobile":0,"ocean_menu_typo_font_size_unit":"px","ocean_menu_typo_font_weight":"","ocean_menu_typo_font_weight_tablet":"","ocean_menu_typo_font_weight_mobile":"","ocean_menu_typo_transform":"","ocean_menu_typo_transform_tablet":"","ocean_menu_typo_transform_mobile":"","ocean_menu_typo_line_height":0,"ocean_menu_typo_line_height_tablet":0,"ocean_menu_typo_line_height_mobile":0,"ocean_menu_typo_line_height_unit":"","ocean_menu_typo_spacing":0,"ocean_menu_typo_spacing_tablet":0,"ocean_menu_typo_spacing_mobile":0,"ocean_menu_typo_spacing_unit":"","ocean_menu_link_color":"","ocean_menu_link_color_hover":"","ocean_menu_link_color_active":"","ocean_menu_link_background":"","ocean_menu_link_hover_background":"","ocean_menu_link_active_background":"","ocean_menu_social_links_bg":"","ocean_menu_social_hover_links_bg":"","ocean_menu_social_links_color":"","ocean_menu_social_hover_links_color":"","ocean_disable_title":"default","ocean_disable_heading":"default","ocean_post_title":"","ocean_post_subheading":"","ocean_post_title_style":"","ocean_post_title_background_color":"","ocean_post_title_background":0,"ocean_post_title_bg_image_position":"","ocean_post_title_bg_image_attachment":"","ocean_post_title_bg_image_repeat":"","ocean_post_title_bg_image_size":"","ocean_post_title_height":0,"ocean_post_title_bg_overlay":0.5,"ocean_post_title_bg_overlay_color":"","ocean_disable_breadcrumbs":"default","ocean_breadcrumbs_color":"","ocean_breadcrumbs_separator_color":"","ocean_breadcrumbs_links_color":"","ocean_breadcrumbs_links_hover_color":"","ocean_display_footer_widgets":"default","ocean_display_footer_bottom":"default","ocean_custom_footer_template":"","footnotes":""},"class_list":["post-827","page","type-page","status-publish","hentry","entry"],"_links":{"self":[{"href":"https:\/\/mpsbot.com\/8262371\/wp-json\/wp\/v2\/pages\/827","targetHints":{"allow":["GET"]}}],"collection":[{"href":"https:\/\/mpsbot.com\/8262371\/wp-json\/wp\/v2\/pages"}],"about":[{"href":"https:\/\/mpsbot.com\/8262371\/wp-json\/wp\/v2\/types\/page"}],"author":[{"embeddable":true,"href":"https:\/\/mpsbot.com\/8262371\/wp-json\/wp\/v2\/users\/1"}],"replies":[{"embeddable":true,"href":"https:\/\/mpsbot.com\/8262371\/wp-json\/wp\/v2\/comments?post=827"}],"version-history":[{"count":1,"href":"https:\/\/mpsbot.com\/8262371\/wp-json\/wp\/v2\/pages\/827\/revisions"}],"predecessor-version":[{"id":828,"href":"https:\/\/mpsbot.com\/8262371\/wp-json\/wp\/v2\/pages\/827\/revisions\/828"}],"up":[{"embeddable":true,"href":"https:\/\/mpsbot.com\/8262371\/wp-json\/wp\/v2\/pages\/53"}],"wp:attachment":[{"href":"https:\/\/mpsbot.com\/8262371\/wp-json\/wp\/v2\/media?parent=827"}],"curies":[{"name":"wp","href":"https:\/\/api.w.org\/{rel}","templated":true}]}}