{"id":823,"date":"2022-01-05T11:49:52","date_gmt":"2022-01-05T11:49:52","guid":{"rendered":"https:\/\/mpsbot.com\/8262371\/?page_id=823"},"modified":"2022-01-05T11:51:07","modified_gmt":"2022-01-05T11:51:07","slug":"glorioso-mester-de-la-picardia-viajera","status":"publish","type":"page","link":"https:\/\/mpsbot.com\/8262371\/inicio-foro\/glorioso-mester-de-la-picardia-viajera\/","title":{"rendered":"Glorioso Mester de la Picard\u00eda Viajera"},"content":{"rendered":"\n<p><\/p>\n\n\n\n<p>El 5 de octubre de 2011 a las 18 y 30 horas se reunieron en los salones del Club Financiero G\u00e9nova las Juntas Directivas del Glorioso Mester y del Foro de Madrid con el fin de formalizar un acuerdo de colaboraci\u00f3n y hermanamiento.<\/p>\n\n\n\n<p>El Glorioso Mester es una instituci\u00f3n que lleva una andadura de 23 a\u00f1os, cuyos socios provienen del sector del turismo, con una profusa acci\u00f3n cultural sobre la historia, monumentalidad y geograf\u00eda del interior peninsular espa\u00f1ol.<\/p>\n\n\n\n<p>D. Juan Jos\u00e9 San Mart\u00edn, como actual Presidente del Foro, pronunci\u00f3 unas breves palabras destacando los valores de la asociaci\u00f3n hermanada y la prevista sinergia a lograr entre ambas instituciones, en lo que se refiere a ampliar la variedad de acciones culturales a las cuales ambas est\u00e1n abocadas.<\/p>\n\n\n\n<p>Acto seguido D. Jes\u00fas Garc\u00eda y Jim\u00e9nez, Presidente del Glorioso Mester, se hizo eco de las anteriores reflexiones agregando una descripci\u00f3n de cometidos y logros de la asociaci\u00f3n que preside.<\/p>\n\n\n\n<p>Se intercambiaron los respectivos diplomas acreditativos del Hermanamiento as\u00ed como la firma del protocolo formaliza el mismo.<\/p>\n\n\n<p>[nggallery id=11]<\/p>\n","protected":false},"excerpt":{"rendered":"<p>El 5 de octubre de 2011 a las 18 y 30 horas se reunieron en los salones del Club Financiero G\u00e9nova las Juntas Directivas del Glorioso Mester y del Foro de Madrid con el fin de formalizar un acuerdo de colaboraci\u00f3n y hermanamiento. El Glorioso Mester es una instituci\u00f3n que lleva una andadura de 23 [&hellip;]<\/p>\n","protected":false},"author":1,"featured_media":0,"parent":53,"menu_order":0,"comment_status":"closed","ping_status":"closed","template":"","meta":{"ocean_post_layout":"","ocean_both_sidebars_style":"","ocean_both_sidebars_content_width":0,"ocean_both_sidebars_sidebars_width":0,"ocean_sidebar":"","ocean_second_sidebar":"","ocean_disable_margins":"enable","ocean_add_body_class":"","ocean_shortcode_before_top_bar":"","ocean_shortcode_after_top_bar":"","ocean_shortcode_before_header":"","ocean_shortcode_after_header":"","ocean_has_shortcode":"","ocean_shortcode_after_title":"","ocean_shortcode_before_footer_widgets":"","ocean_shortcode_after_footer_widgets":"","ocean_shortcode_before_footer_bottom":"","ocean_shortcode_after_footer_bottom":"","ocean_display_top_bar":"default","ocean_display_header":"default","ocean_header_style":"","ocean_center_header_left_menu":"","ocean_custom_header_template":"","ocean_custom_logo":0,"ocean_custom_retina_logo":0,"ocean_custom_logo_max_width":0,"ocean_custom_logo_tablet_max_width":0,"ocean_custom_logo_mobile_max_width":0,"ocean_custom_logo_max_height":0,"ocean_custom_logo_tablet_max_height":0,"ocean_custom_logo_mobile_max_height":0,"ocean_header_custom_menu":"","ocean_menu_typo_font_family":"","ocean_menu_typo_font_subset":"","ocean_menu_typo_font_size":0,"ocean_menu_typo_font_size_tablet":0,"ocean_menu_typo_font_size_mobile":0,"ocean_menu_typo_font_size_unit":"px","ocean_menu_typo_font_weight":"","ocean_menu_typo_font_weight_tablet":"","ocean_menu_typo_font_weight_mobile":"","ocean_menu_typo_transform":"","ocean_menu_typo_transform_tablet":"","ocean_menu_typo_transform_mobile":"","ocean_menu_typo_line_height":0,"ocean_menu_typo_line_height_tablet":0,"ocean_menu_typo_line_height_mobile":0,"ocean_menu_typo_line_height_unit":"","ocean_menu_typo_spacing":0,"ocean_menu_typo_spacing_tablet":0,"ocean_menu_typo_spacing_mobile":0,"ocean_menu_typo_spacing_unit":"","ocean_menu_link_color":"","ocean_menu_link_color_hover":"","ocean_menu_link_color_active":"","ocean_menu_link_background":"","ocean_menu_link_hover_background":"","ocean_menu_link_active_background":"","ocean_menu_social_links_bg":"","ocean_menu_social_hover_links_bg":"","ocean_menu_social_links_color":"","ocean_menu_social_hover_links_color":"","ocean_disable_title":"default","ocean_disable_heading":"default","ocean_post_title":"","ocean_post_subheading":"","ocean_post_title_style":"","ocean_post_title_background_color":"","ocean_post_title_background":0,"ocean_post_title_bg_image_position":"","ocean_post_title_bg_image_attachment":"","ocean_post_title_bg_image_repeat":"","ocean_post_title_bg_image_size":"","ocean_post_title_height":0,"ocean_post_title_bg_overlay":0.5,"ocean_post_title_bg_overlay_color":"","ocean_disable_breadcrumbs":"default","ocean_breadcrumbs_color":"","ocean_breadcrumbs_separator_color":"","ocean_breadcrumbs_links_color":"","ocean_breadcrumbs_links_hover_color":"","ocean_display_footer_widgets":"default","ocean_display_footer_bottom":"default","ocean_custom_footer_template":"","footnotes":""},"class_list":["post-823","page","type-page","status-publish","hentry","entry"],"_links":{"self":[{"href":"https:\/\/mpsbot.com\/8262371\/wp-json\/wp\/v2\/pages\/823","targetHints":{"allow":["GET"]}}],"collection":[{"href":"https:\/\/mpsbot.com\/8262371\/wp-json\/wp\/v2\/pages"}],"about":[{"href":"https:\/\/mpsbot.com\/8262371\/wp-json\/wp\/v2\/types\/page"}],"author":[{"embeddable":true,"href":"https:\/\/mpsbot.com\/8262371\/wp-json\/wp\/v2\/users\/1"}],"replies":[{"embeddable":true,"href":"https:\/\/mpsbot.com\/8262371\/wp-json\/wp\/v2\/comments?post=823"}],"version-history":[{"count":2,"href":"https:\/\/mpsbot.com\/8262371\/wp-json\/wp\/v2\/pages\/823\/revisions"}],"predecessor-version":[{"id":826,"href":"https:\/\/mpsbot.com\/8262371\/wp-json\/wp\/v2\/pages\/823\/revisions\/826"}],"up":[{"embeddable":true,"href":"https:\/\/mpsbot.com\/8262371\/wp-json\/wp\/v2\/pages\/53"}],"wp:attachment":[{"href":"https:\/\/mpsbot.com\/8262371\/wp-json\/wp\/v2\/media?parent=823"}],"curies":[{"name":"wp","href":"https:\/\/api.w.org\/{rel}","templated":true}]}}