{"id":820,"date":"2022-01-05T11:43:49","date_gmt":"2022-01-05T11:43:49","guid":{"rendered":"https:\/\/mpsbot.com\/8262371\/?page_id=820"},"modified":"2022-01-05T11:46:33","modified_gmt":"2022-01-05T11:46:33","slug":"foro-faro-espacio-de-opinion-de-ceuta","status":"publish","type":"page","link":"https:\/\/mpsbot.com\/8262371\/inicio-foro\/foro-faro-espacio-de-opinion-de-ceuta\/","title":{"rendered":"Foro Faro Espacio de Opini\u00f3n de Ceuta"},"content":{"rendered":"\n<p><\/p>\n\n\n\n<p>El d\u00eda 19 de Septiembre de 2008, realizaron un viaje a Ceuta la Junta Directiva de nuestro Foro, casi al completo ( Presidente, Vicepresidente, Secretario General, Tesorero, un Vocal y cuatro ex \u2013 Presidentes), as\u00ed como varios Socios, con la finalidad de formalizar el Hermanamiento con el Foro Faro Espacio de Opini\u00f3n de Ceuta, aprobado en la reuni\u00f3n de la Junta Directiva del d\u00eda 11 de Septiembre del mismo, y asistir al acto de presentaci\u00f3n del libro \u201cCeuta y el conflicto de Perejil\u201d, por su autor D. Fernando L\u00f3pez de Olmedo, ex \u2013 Presidente del Foro, antiguo Comandante General de Ceuta.<\/p>\n\n\n\n<p>El acto de Hermanamiento se celebr\u00f3 el d\u00eda 19 a las 19 horas en el Sal\u00f3n del Trono del Palacio Auton\u00f3mico, presidido por el Presidente de la Ciudad Aut\u00f3noma de Ceuta D. Juan Jes\u00fas Vivas Lara, acompa\u00f1ado por el Presidente del Foro Faro de Ceuta D. Rafael Montero Palacios y del nuestro D. Jos\u00e9 Antonio D\u00edaz Valc\u00e1rcel. Actuaron como portavoces de los Foros D. Ricardo Lacasa Martos, por el de Ceuta, y D. Jos\u00e9 Lucinio Fern\u00e1ndez, por el de Madrid. Asistieron pr\u00e1cticamente todas las Autoridades principales ceut\u00edes y unos doscientos invitados.<\/p>\n\n\n\n<p>El acto comenz\u00f3 con la presentaci\u00f3n de ambos Foros, por los portavoces citados, para, a continuaci\u00f3n, pronunciar unas palabras los dos Presidentes de los Foros, Ceuta y Madrid. Se dio lectura al documento de Hermanamiento, por parte del Secretario y portavoz del Foro Faro, D. Ricardo Lacasa, para, a continuaci\u00f3n, firmarlo ambos Presidentes.<\/p>\n\n\n\n<p>El Presidente del Foro de Ceuta entreg\u00f3 al nuestro un diploma del Hermanamiento y una placa conmemorativa, correspondiendo nuestro Presidente con diploma y placa de las mismas caracter\u00edsticas. Los dos Presidentes entregaron conjuntamente, una bandeja conmemorativa, al Presidente de la Ciudad Aut\u00f3noma de Ceuta, quien cerr\u00f3 el acto con unas palabras muy afectuosas, en las que dio una importancia especial al Hermanamiento realizado, considerando a nuestro Foro, portavoz en Madrid del Foro Faro de Ceuta y de la Ciudad.<\/p>\n\n\n\n<p>A continuaci\u00f3n nuestro ex \u2013 Presidente realiz\u00f3 la citada presentaci\u00f3n de su libro \u201cCeuta y el conflicto de Perejil\u201d, firmando doscientos ejemplares, donados por el Foro Faro de Ceuta.<\/p>\n\n\n\n<p>Esa misma noche, el Foro Faro de Ceuta, obsequi\u00f3 a los representantes del nuestro con una cena conmemorativa, en el Parador \u201cLa Muralla\u201d, asistiendo cerca de cien invitados, Autoridades y representantes de las principales instituciones ceut\u00edes. Nuestro Presidente hizo entrega del Nombramiento de Socio de Honor de nuestro Foro al Presidente del Foro Faro de Ceuta D. Rafael Montero Palacios.<\/p>\n\n\n\n<p>Al d\u00eda siguiente, d\u00eda 20, nuestros representantes visitaron la Comandancia General de Ceuta, entregando una placa de agradecimiento al Comandante General. A continuaci\u00f3n se trasladaron al Acuartelamiento del Tercio Duque de Alba, 2\u00ba de la Legi\u00f3n, asistiendo a la celebraci\u00f3n del Aniversario de la Fundaci\u00f3n de la Legi\u00f3n, acto que result\u00f3 muy emotivo. Durante el mismo, nuestro Presidente entreg\u00f3 al Coronel del Tercio el Nombramiento de Socio de Honor a dicho Tercio de la Legi\u00f3n, y una placa conmemorativa.<\/p>\n\n\n\n<p>La noche de dicho d\u00eda 20, nuestro Foro invit\u00f3 al Presidente y Junta Directiva del Foro de Ceuta, a una cena en el restaurante \u201cLa Pe\u00f1a\u201d.<\/p>\n\n\n\n<p><a href=\"http:\/\/vimeo.com\/2053522\">Hermanamiento del FORO DE MADRID TERCER MILENIO con el FORO FARO DE CEUTA<\/a> from <a href=\"http:\/\/vimeo.com\/user867860\">FORO DE MADRID<\/a> on <a href=\"http:\/\/vimeo.com\">Vimeo<\/a>.<\/p>\n\n\n<p>[nggallery id=14]<\/p>\n","protected":false},"excerpt":{"rendered":"<p>El d\u00eda 19 de Septiembre de 2008, realizaron un viaje a Ceuta la Junta Directiva de nuestro Foro, casi al completo ( Presidente, Vicepresidente, Secretario General, Tesorero, un Vocal y cuatro ex \u2013 Presidentes), as\u00ed como varios Socios, con la finalidad de formalizar el Hermanamiento con el Foro Faro Espacio de Opini\u00f3n de Ceuta, aprobado [&hellip;]<\/p>\n","protected":false},"author":1,"featured_media":0,"parent":53,"menu_order":0,"comment_status":"closed","ping_status":"closed","template":"","meta":{"ocean_post_layout":"","ocean_both_sidebars_style":"","ocean_both_sidebars_content_width":0,"ocean_both_sidebars_sidebars_width":0,"ocean_sidebar":"","ocean_second_sidebar":"","ocean_disable_margins":"enable","ocean_add_body_class":"","ocean_shortcode_before_top_bar":"","ocean_shortcode_after_top_bar":"","ocean_shortcode_before_header":"","ocean_shortcode_after_header":"","ocean_has_shortcode":"","ocean_shortcode_after_title":"","ocean_shortcode_before_footer_widgets":"","ocean_shortcode_after_footer_widgets":"","ocean_shortcode_before_footer_bottom":"","ocean_shortcode_after_footer_bottom":"","ocean_display_top_bar":"default","ocean_display_header":"default","ocean_header_style":"","ocean_center_header_left_menu":"","ocean_custom_header_template":"","ocean_custom_logo":0,"ocean_custom_retina_logo":0,"ocean_custom_logo_max_width":0,"ocean_custom_logo_tablet_max_width":0,"ocean_custom_logo_mobile_max_width":0,"ocean_custom_logo_max_height":0,"ocean_custom_logo_tablet_max_height":0,"ocean_custom_logo_mobile_max_height":0,"ocean_header_custom_menu":"","ocean_menu_typo_font_family":"","ocean_menu_typo_font_subset":"","ocean_menu_typo_font_size":0,"ocean_menu_typo_font_size_tablet":0,"ocean_menu_typo_font_size_mobile":0,"ocean_menu_typo_font_size_unit":"px","ocean_menu_typo_font_weight":"","ocean_menu_typo_font_weight_tablet":"","ocean_menu_typo_font_weight_mobile":"","ocean_menu_typo_transform":"","ocean_menu_typo_transform_tablet":"","ocean_menu_typo_transform_mobile":"","ocean_menu_typo_line_height":0,"ocean_menu_typo_line_height_tablet":0,"ocean_menu_typo_line_height_mobile":0,"ocean_menu_typo_line_height_unit":"","ocean_menu_typo_spacing":0,"ocean_menu_typo_spacing_tablet":0,"ocean_menu_typo_spacing_mobile":0,"ocean_menu_typo_spacing_unit":"","ocean_menu_link_color":"","ocean_menu_link_color_hover":"","ocean_menu_link_color_active":"","ocean_menu_link_background":"","ocean_menu_link_hover_background":"","ocean_menu_link_active_background":"","ocean_menu_social_links_bg":"","ocean_menu_social_hover_links_bg":"","ocean_menu_social_links_color":"","ocean_menu_social_hover_links_color":"","ocean_disable_title":"default","ocean_disable_heading":"default","ocean_post_title":"","ocean_post_subheading":"","ocean_post_title_style":"","ocean_post_title_background_color":"","ocean_post_title_background":0,"ocean_post_title_bg_image_position":"","ocean_post_title_bg_image_attachment":"","ocean_post_title_bg_image_repeat":"","ocean_post_title_bg_image_size":"","ocean_post_title_height":0,"ocean_post_title_bg_overlay":0.5,"ocean_post_title_bg_overlay_color":"","ocean_disable_breadcrumbs":"default","ocean_breadcrumbs_color":"","ocean_breadcrumbs_separator_color":"","ocean_breadcrumbs_links_color":"","ocean_breadcrumbs_links_hover_color":"","ocean_display_footer_widgets":"default","ocean_display_footer_bottom":"default","ocean_custom_footer_template":"","footnotes":""},"class_list":["post-820","page","type-page","status-publish","hentry","entry"],"_links":{"self":[{"href":"https:\/\/mpsbot.com\/8262371\/wp-json\/wp\/v2\/pages\/820","targetHints":{"allow":["GET"]}}],"collection":[{"href":"https:\/\/mpsbot.com\/8262371\/wp-json\/wp\/v2\/pages"}],"about":[{"href":"https:\/\/mpsbot.com\/8262371\/wp-json\/wp\/v2\/types\/page"}],"author":[{"embeddable":true,"href":"https:\/\/mpsbot.com\/8262371\/wp-json\/wp\/v2\/users\/1"}],"replies":[{"embeddable":true,"href":"https:\/\/mpsbot.com\/8262371\/wp-json\/wp\/v2\/comments?post=820"}],"version-history":[{"count":2,"href":"https:\/\/mpsbot.com\/8262371\/wp-json\/wp\/v2\/pages\/820\/revisions"}],"predecessor-version":[{"id":822,"href":"https:\/\/mpsbot.com\/8262371\/wp-json\/wp\/v2\/pages\/820\/revisions\/822"}],"up":[{"embeddable":true,"href":"https:\/\/mpsbot.com\/8262371\/wp-json\/wp\/v2\/pages\/53"}],"wp:attachment":[{"href":"https:\/\/mpsbot.com\/8262371\/wp-json\/wp\/v2\/media?parent=820"}],"curies":[{"name":"wp","href":"https:\/\/api.w.org\/{rel}","templated":true}]}}