{"id":804,"date":"2022-01-05T11:20:43","date_gmt":"2022-01-05T11:20:43","guid":{"rendered":"https:\/\/mpsbot.com\/8262371\/?page_id=804"},"modified":"2022-01-05T11:25:36","modified_gmt":"2022-01-05T11:25:36","slug":"asociacion-espanola-de-militares-escritores","status":"publish","type":"page","link":"https:\/\/mpsbot.com\/8262371\/inicio-foro\/asociacion-espanola-de-militares-escritores\/","title":{"rendered":"Asociaci\u00f3n Espa\u00f1ola de Militares Escritores"},"content":{"rendered":"\n<p><\/p>\n\n\n\n<p>&nbsp;&nbsp; El 10 de noviembre de 2011 miembros de la Juntas Directivas del Foro de Madrid y de La Asociaci\u00f3n Espa\u00f1ola de Militares Escritores celebraron una reuni\u00f3n, a las 12 horas en el Club Financiero G\u00e9nova, para concretar un acuerdo de colaboraci\u00f3n entre ambas asociaciones.<\/p>\n\n\n\n<p>&nbsp;&nbsp; En primer&nbsp; lugar el Presidente del Foro de Madrid, D. Juan Jos\u00e9 San Martin, expuso una s\u00edntesis de los objetivos y trayectoria del Foro, y se refiri\u00f3 a&nbsp; la experiencia sumamente positiva que se hab\u00eda logrado en acuerdos de colaboraci\u00f3n con otras entidades. Acuerdos que enriquec\u00edan la pluralidad de ofertas culturales de las que pod\u00edan disfrutar los socios de todas las organizaciones asociadas.<\/p>\n\n\n\n<p>&nbsp;&nbsp; Seguidamente tom\u00f3 la palabra el Presidente de la Asociaci\u00f3n Espa\u00f1ola de Militares Escritores, General Felipe Quero Rodiles, para expresar la satisfacci\u00f3n que causaba en su asociaci\u00f3n este acuerdo de colaboraci\u00f3n. Tambi\u00e9n coment\u00f3 los objetivos estatutarios de la misma,&nbsp; destacando la importancia de exponer a la sociedad aspectos de la condici\u00f3n militar habitualmente desconocidos para ella.<\/p>\n\n\n\n<p>&nbsp;&nbsp; Ambos Presidentes coincidieron en augurar un fruct\u00edfera y duradera vinculaci\u00f3n.<\/p>\n\n\n\n<p>&nbsp;&nbsp; El acto finaliz\u00f3 con la firma de un documento en el que se describen las condiciones del acuerdo y un intercambio de diplomas que dan fe del mismo.<\/p>\n","protected":false},"excerpt":{"rendered":"<p>&nbsp;&nbsp; El 10 de noviembre de 2011 miembros de la Juntas Directivas del Foro de Madrid y de La Asociaci\u00f3n Espa\u00f1ola de Militares Escritores celebraron una reuni\u00f3n, a las 12 horas en el Club Financiero G\u00e9nova, para concretar un acuerdo de colaboraci\u00f3n entre ambas asociaciones. &nbsp;&nbsp; En primer&nbsp; lugar el Presidente del Foro de Madrid, [&hellip;]<\/p>\n","protected":false},"author":1,"featured_media":0,"parent":53,"menu_order":2,"comment_status":"closed","ping_status":"closed","template":"","meta":{"ocean_post_layout":"","ocean_both_sidebars_style":"","ocean_both_sidebars_content_width":0,"ocean_both_sidebars_sidebars_width":0,"ocean_sidebar":"","ocean_second_sidebar":"","ocean_disable_margins":"enable","ocean_add_body_class":"","ocean_shortcode_before_top_bar":"","ocean_shortcode_after_top_bar":"","ocean_shortcode_before_header":"","ocean_shortcode_after_header":"","ocean_has_shortcode":"","ocean_shortcode_after_title":"","ocean_shortcode_before_footer_widgets":"","ocean_shortcode_after_footer_widgets":"","ocean_shortcode_before_footer_bottom":"","ocean_shortcode_after_footer_bottom":"","ocean_display_top_bar":"default","ocean_display_header":"default","ocean_header_style":"","ocean_center_header_left_menu":"","ocean_custom_header_template":"","ocean_custom_logo":0,"ocean_custom_retina_logo":0,"ocean_custom_logo_max_width":0,"ocean_custom_logo_tablet_max_width":0,"ocean_custom_logo_mobile_max_width":0,"ocean_custom_logo_max_height":0,"ocean_custom_logo_tablet_max_height":0,"ocean_custom_logo_mobile_max_height":0,"ocean_header_custom_menu":"","ocean_menu_typo_font_family":"","ocean_menu_typo_font_subset":"","ocean_menu_typo_font_size":0,"ocean_menu_typo_font_size_tablet":0,"ocean_menu_typo_font_size_mobile":0,"ocean_menu_typo_font_size_unit":"px","ocean_menu_typo_font_weight":"","ocean_menu_typo_font_weight_tablet":"","ocean_menu_typo_font_weight_mobile":"","ocean_menu_typo_transform":"","ocean_menu_typo_transform_tablet":"","ocean_menu_typo_transform_mobile":"","ocean_menu_typo_line_height":0,"ocean_menu_typo_line_height_tablet":0,"ocean_menu_typo_line_height_mobile":0,"ocean_menu_typo_line_height_unit":"","ocean_menu_typo_spacing":0,"ocean_menu_typo_spacing_tablet":0,"ocean_menu_typo_spacing_mobile":0,"ocean_menu_typo_spacing_unit":"","ocean_menu_link_color":"","ocean_menu_link_color_hover":"","ocean_menu_link_color_active":"","ocean_menu_link_background":"","ocean_menu_link_hover_background":"","ocean_menu_link_active_background":"","ocean_menu_social_links_bg":"","ocean_menu_social_hover_links_bg":"","ocean_menu_social_links_color":"","ocean_menu_social_hover_links_color":"","ocean_disable_title":"default","ocean_disable_heading":"default","ocean_post_title":"","ocean_post_subheading":"","ocean_post_title_style":"","ocean_post_title_background_color":"","ocean_post_title_background":0,"ocean_post_title_bg_image_position":"","ocean_post_title_bg_image_attachment":"","ocean_post_title_bg_image_repeat":"","ocean_post_title_bg_image_size":"","ocean_post_title_height":0,"ocean_post_title_bg_overlay":0.5,"ocean_post_title_bg_overlay_color":"","ocean_disable_breadcrumbs":"default","ocean_breadcrumbs_color":"","ocean_breadcrumbs_separator_color":"","ocean_breadcrumbs_links_color":"","ocean_breadcrumbs_links_hover_color":"","ocean_display_footer_widgets":"default","ocean_display_footer_bottom":"default","ocean_custom_footer_template":"","footnotes":""},"class_list":["post-804","page","type-page","status-publish","hentry","entry"],"_links":{"self":[{"href":"https:\/\/mpsbot.com\/8262371\/wp-json\/wp\/v2\/pages\/804","targetHints":{"allow":["GET"]}}],"collection":[{"href":"https:\/\/mpsbot.com\/8262371\/wp-json\/wp\/v2\/pages"}],"about":[{"href":"https:\/\/mpsbot.com\/8262371\/wp-json\/wp\/v2\/types\/page"}],"author":[{"embeddable":true,"href":"https:\/\/mpsbot.com\/8262371\/wp-json\/wp\/v2\/users\/1"}],"replies":[{"embeddable":true,"href":"https:\/\/mpsbot.com\/8262371\/wp-json\/wp\/v2\/comments?post=804"}],"version-history":[{"count":3,"href":"https:\/\/mpsbot.com\/8262371\/wp-json\/wp\/v2\/pages\/804\/revisions"}],"predecessor-version":[{"id":808,"href":"https:\/\/mpsbot.com\/8262371\/wp-json\/wp\/v2\/pages\/804\/revisions\/808"}],"up":[{"embeddable":true,"href":"https:\/\/mpsbot.com\/8262371\/wp-json\/wp\/v2\/pages\/53"}],"wp:attachment":[{"href":"https:\/\/mpsbot.com\/8262371\/wp-json\/wp\/v2\/media?parent=804"}],"curies":[{"name":"wp","href":"https:\/\/api.w.org\/{rel}","templated":true}]}}